{"id":980,"date":"2025-03-29T16:23:27","date_gmt":"2025-03-29T16:23:27","guid":{"rendered":"http:\/\/poborski.eu\/?page_id=980"},"modified":"2025-05-20T18:11:58","modified_gmt":"2025-05-20T18:11:58","slug":"projekt-okruchy-przeszlosci","status":"publish","type":"page","link":"https:\/\/poborski.eu\/?page_id=980","title":{"rendered":"projekt [OKRUCHY PRZESZ\u0141O\u015aCI]"},"content":{"rendered":"\n<p><\/p>\n\n\n\n<h2 class=\"wp-block-heading\"><\/h2>\n\n\n\n<p><em>Kolejne filmy b\u0119d\u0105 dodawane sukcesy<\/em>.&nbsp;<em>Zach\u0119cam do lajkowania, komentowania i postawienia kawy je\u017celi moje materia\u0142y przypad\u0142y Ci do gustu<\/em>.<\/p>\n\n\n\n<p><strong>Zach\u0119cam zainteresowanych do skorzystania z moich us\u0142ug oblot\u00f3w dronem (filmy, zdj\u0119cia, zdj\u0119cia termowizyjne, fotogrametria, 3D, monta\u017c)<\/strong><\/p>\n\n\n\n<hr class=\"wp-block-separator has-alpha-channel-opacity\"\/>\n\n\n\n<p class=\"has-large-font-size\"><strong>z serii [OKRUCHY PRZESZ\u0141O\u015aCI]<\/strong><\/p>\n\n\n\n<p><strong>kliknij na zdj\u0119cie<\/strong>&nbsp;by odtworzy\u0107 film [zdj\u0119cia i monta\u017c \u2013 Dariusz Poborski]:<\/p>\n\n\n\n<figure class=\"wp-block-image\"><a href=\"https:\/\/youtu.be\/vq5GParJmCo?si=eK3gESfp9AbgTKA0\"><img decoding=\"async\" src=\"https:\/\/poborskid.wordpress.com\/wp-content\/uploads\/2024\/02\/dji_0019.jpg?w=1000\" alt=\"\" class=\"wp-image-4716\"\/><\/a><\/figure>\n\n\n\n<p><strong><a href=\"https:\/\/youtu.be\/yTGGBp0oSro?si=zyfj4L2gLIwZCNBT\">Pa\u0142ac w Gorzanowie<\/a><\/strong><\/p>\n\n\n\n<figure class=\"wp-block-image\"><a href=\"https:\/\/youtu.be\/vq5GParJmCo?si=eK3gESfp9AbgTKA0\"><img decoding=\"async\" src=\"https:\/\/poborskid.wordpress.com\/wp-content\/uploads\/2024\/01\/bra_dron-7.jpg?w=968\" alt=\"\" class=\"wp-image-4322\"\/><\/a><\/figure>\n\n\n\n<p><strong><a href=\"https:\/\/youtu.be\/vq5GParJmCo?si=eK3gESfp9AbgTKA0\">Zamek [pa\u0142ac] w Branicach<\/a><a href=\"https:\/\/youtu.be\/NINJDT-41Iw\"><\/a><\/strong><\/p>\n\n\n\n<figure class=\"wp-block-image\"><a href=\"https:\/\/youtu.be\/NINJDT-41Iw\"><img decoding=\"async\" src=\"https:\/\/poborskid.wordpress.com\/wp-content\/uploads\/2023\/07\/palac-fraczkow-8.jpg?w=938\" alt=\"\" class=\"wp-image-1914\"\/><\/a><\/figure>\n\n\n\n<p><strong><a href=\"https:\/\/youtu.be\/NINJDT-41Iw\"><strong>P<\/strong>a\u0142ac we Fr\u0105czkowie<\/a><\/strong><\/p>\n\n\n\n<figure class=\"wp-block-image\"><a href=\"https:\/\/youtu.be\/tkpidMLjZn8?si=VUkldQL75cpTd77f\"><img decoding=\"async\" src=\"https:\/\/poborskid.wordpress.com\/wp-content\/uploads\/2023\/07\/biechow-3.jpg?w=1000\" alt=\"\" class=\"wp-image-1805\"\/><\/a><\/figure>\n\n\n\n<p><strong><a href=\"https:\/\/youtu.be\/tkpidMLjZn8?si=VUkldQL75cpTd77f\"><strong>P<\/strong>a\u0142ac w Biechowie<\/a><\/strong><\/p>\n\n\n\n<figure class=\"wp-block-image\"><a href=\"https:\/\/youtu.be\/UUzS2NpZmFI\"><img decoding=\"async\" src=\"https:\/\/poborskid.wordpress.com\/wp-content\/uploads\/2024\/01\/dpoborski-piotrowicen-11.jpg?w=1000\" alt=\"\" class=\"wp-image-4052\"\/><\/a><\/figure>\n\n\n\n<p><strong><a href=\"https:\/\/youtu.be\/UUzS2NpZmFI\"><strong>P<\/strong>a\u0142ac w Piotrowicach Nyskich<\/a><\/strong><\/p>\n\n\n\n<figure class=\"wp-block-image\"><a href=\"https:\/\/youtu.be\/ukaokfP33Ro\"><img decoding=\"async\" src=\"https:\/\/poborskid.wordpress.com\/wp-content\/uploads\/2024\/01\/suliwslaw-7.jpg?w=840\" alt=\"\" class=\"wp-image-4085\"\/><\/a><\/figure>\n\n\n\n<p><strong><a href=\"https:\/\/youtu.be\/ukaokfP33Ro\"><strong>P<\/strong>a\u0142ac w Sulis\u0142awiu<\/a><\/strong><\/p>\n\n\n\n<figure class=\"wp-block-image\"><a href=\"https:\/\/www.youtube.com\/watch?v=_2a7w6aHcdA\"><img decoding=\"async\" src=\"https:\/\/poborskid.wordpress.com\/wp-content\/uploads\/2023\/09\/ry1aabva.jpg?w=1000\" alt=\"\" class=\"wp-image-2725\"\/><\/a><\/figure>\n\n\n\n<p><strong><a href=\"https:\/\/youtu.be\/_2a7w6aHcdA?si=y2kO4hZrS91AVEr6\">Zamek w Rydzynie<\/a><\/strong><\/p>\n\n\n\n<figure class=\"wp-block-image\"><a href=\"https:\/\/www.youtube.com\/watch?v=EWfN1hLoSwQ\"><img fetchpriority=\"high\" decoding=\"async\" width=\"638\" height=\"850\" src=\"https:\/\/poborskid.wordpress.com\/wp-content\/uploads\/2023\/06\/zamek-bozkow-1-1.jpg?w=638\" alt=\"\" class=\"wp-image-785\" srcset=\"https:\/\/poborski.eu\/wp-content\/uploads\/2023\/06\/zamek-bozkow-1-1.jpg 638w, https:\/\/poborski.eu\/wp-content\/uploads\/2023\/06\/zamek-bozkow-1-1-225x300.jpg 225w\" sizes=\"(max-width: 638px) 100vw, 638px\" \/><\/a><\/figure>\n\n\n\n<p><strong><a href=\"https:\/\/youtu.be\/EWfN1hLoSwQ?si=r9KvUvgOwB-y75Qi\">Pa\u0142ac w Bo\u017ckowie<\/a><\/strong><\/p>\n\n\n\n<figure class=\"wp-block-image\"><a href=\"https:\/\/www.youtube.com\/watch?v=Kmb7WH_fsAI\"><img decoding=\"async\" src=\"https:\/\/poborskid.wordpress.com\/wp-content\/uploads\/2023\/09\/kurozweki-8.jpg?w=1000\" alt=\"\" class=\"wp-image-2622\"\/><\/a><\/figure>\n\n\n\n<p><a href=\"https:\/\/youtu.be\/Kmb7WH_fsAI?si=UhpeLcNgmo6WrD9L\"><strong>Pa\u0142ac w Kurozw\u0119kach<\/strong><\/a><\/p>\n\n\n\n<figure class=\"wp-block-image\"><a href=\"https:\/\/www.youtube.com\/watch?v=Emw7bY-ewX4\"><img decoding=\"async\" src=\"https:\/\/poborskid.wordpress.com\/wp-content\/uploads\/2023\/09\/vontresov.jpg?w=1000\" alt=\"\" class=\"wp-image-2851\"\/><\/a><\/figure>\n\n\n\n<p><a href=\"https:\/\/youtu.be\/Emw7bY-ewX4?si=5ojWXhXVk9USosyu\"><strong>Zamek von Treskow<\/strong><\/a><\/p>\n\n\n\n<figure class=\"wp-block-image\"><a href=\"https:\/\/youtu.be\/_-7zVUMFw7k?si=FjEztzsPGgNciWtI\"><img decoding=\"async\" src=\"https:\/\/poborskid.wordpress.com\/wp-content\/uploads\/2023\/12\/dji_0113.jpg?w=700\" alt=\"\" class=\"wp-image-2922\"\/><\/a><\/figure>\n\n\n\n<p><a href=\"https:\/\/youtu.be\/_-7zVUMFw7k?si=0jinyGrdCbtskz2v\"><strong>Zamek w Krasiczynie<\/strong><\/a><\/p>\n\n\n\n<figure class=\"wp-block-image\"><a href=\"https:\/\/youtu.be\/x7gUmT_Qogc?si=1l3PtQuCzqNWBbld\"><img decoding=\"async\" src=\"https:\/\/poborskid.wordpress.com\/wp-content\/uploads\/2023\/12\/db1aa.jpg?w=1000\" alt=\"\" class=\"wp-image-2958\"\/><\/a><\/figure>\n\n\n\n<p><a href=\"https:\/\/www.youtube.com\/watch?v=CfRqBhJtFbA&amp;t=17s\"><strong>Zamek w D\u0119bnie<\/strong><\/a><\/p>\n\n\n\n<figure class=\"wp-block-image\"><a href=\"https:\/\/youtu.be\/x7gUmT_Qogc\"><img decoding=\"async\" src=\"https:\/\/poborskid.wordpress.com\/wp-content\/uploads\/2023\/06\/slawikow-4-2.jpg?w=1000\" alt=\"\" class=\"wp-image-1271\"\/><\/a><\/figure>\n\n\n\n<p><strong>Pa\u0142ac w S\u0142awikowie<\/strong><\/p>\n\n\n\n<figure class=\"wp-block-image\"><a href=\"https:\/\/youtu.be\/L8g_hiRifYI\"><img decoding=\"async\" width=\"850\" height=\"638\" src=\"https:\/\/poborskid.wordpress.com\/wp-content\/uploads\/2023\/06\/moszna-6-1.jpg?w=850\" alt=\"\" class=\"wp-image-639\" srcset=\"https:\/\/poborski.eu\/wp-content\/uploads\/2023\/06\/moszna-6-1.jpg 850w, https:\/\/poborski.eu\/wp-content\/uploads\/2023\/06\/moszna-6-1-300x225.jpg 300w, https:\/\/poborski.eu\/wp-content\/uploads\/2023\/06\/moszna-6-1-768x576.jpg 768w\" sizes=\"(max-width: 850px) 100vw, 850px\" \/><\/a><\/figure>\n\n\n\n<p><strong>Zamek w Mosznej<\/strong><\/p>\n\n\n\n<figure class=\"wp-block-image\"><a href=\"https:\/\/youtu.be\/EWfN1hLoSwQ\"><img decoding=\"async\" width=\"850\" height=\"587\" src=\"https:\/\/poborskid.wordpress.com\/wp-content\/uploads\/2023\/06\/zamek-bozkow-3-1.jpg?w=850\" alt=\"\" class=\"wp-image-787\" srcset=\"https:\/\/poborski.eu\/wp-content\/uploads\/2023\/06\/zamek-bozkow-3-1.jpg 850w, https:\/\/poborski.eu\/wp-content\/uploads\/2023\/06\/zamek-bozkow-3-1-300x207.jpg 300w, https:\/\/poborski.eu\/wp-content\/uploads\/2023\/06\/zamek-bozkow-3-1-768x530.jpg 768w\" sizes=\"(max-width: 850px) 100vw, 850px\" \/><\/a><\/figure>\n\n\n\n<p><strong>Pa\u0142ac w Bo\u017ckowie<\/strong><\/p>\n\n\n\n<figure class=\"wp-block-image\"><a href=\"https:\/\/youtu.be\/FuD1sex3sMM\"><img decoding=\"async\" src=\"https:\/\/poborskid.wordpress.com\/wp-content\/uploads\/2023\/06\/zamek-w-olsztynie-1-1.jpg?w=850\" alt=\"\" class=\"wp-image-858\"\/><\/a><\/figure>\n\n\n\n<p><strong>Zamek w Olsztynie<\/strong><\/p>\n\n\n\n<figure class=\"wp-block-image\"><a href=\"https:\/\/youtu.be\/wwxeI2f95Fc\"><img decoding=\"async\" src=\"https:\/\/poborskid.wordpress.com\/wp-content\/uploads\/2023\/06\/zamek-w-bolkowie-1-1.jpg?w=850\" alt=\"\" class=\"wp-image-835\"\/><\/a><\/figure>\n\n\n\n<p><strong>Zamek Bolk\u00f3w<\/strong><\/p>\n\n\n\n<figure class=\"wp-block-image\"><a href=\"https:\/\/youtu.be\/lBAdiLcJock\"><img loading=\"lazy\" decoding=\"async\" width=\"850\" height=\"756\" src=\"https:\/\/poborskid.wordpress.com\/wp-content\/uploads\/2023\/06\/tworkow-1-1.jpg?w=850\" alt=\"\" class=\"wp-image-767\" srcset=\"https:\/\/poborski.eu\/wp-content\/uploads\/2023\/06\/tworkow-1-1.jpg 850w, https:\/\/poborski.eu\/wp-content\/uploads\/2023\/06\/tworkow-1-1-300x267.jpg 300w, https:\/\/poborski.eu\/wp-content\/uploads\/2023\/06\/tworkow-1-1-768x683.jpg 768w\" sizes=\"(max-width: 850px) 100vw, 850px\" \/><\/a><\/figure>\n\n\n\n<p><strong>Pa\u0142ac w Tworkowie<\/strong><\/p>\n\n\n\n<figure class=\"wp-block-image\"><a href=\"https:\/\/youtu.be\/N6gIGpkikiY\"><img decoding=\"async\" src=\"https:\/\/poborskid.wordpress.com\/wp-content\/uploads\/2023\/06\/szpital-zakonu-kawalerow-maltanskich-3-1.jpg?w=850\" alt=\"\" class=\"wp-image-748\"\/><\/a><\/figure>\n\n\n\n<p><strong>Szpital Zakonu Kawaler\u00f3w<\/strong><\/p>\n\n\n\n<figure class=\"wp-block-image\"><a href=\"https:\/\/youtu.be\/4faWNsrtCh4\"><img loading=\"lazy\" decoding=\"async\" width=\"850\" height=\"701\" src=\"https:\/\/poborskid.wordpress.com\/wp-content\/uploads\/2023\/06\/zamek-w-ksiazu-7-1.jpg?w=850\" alt=\"\" class=\"wp-image-855\" srcset=\"https:\/\/poborski.eu\/wp-content\/uploads\/2023\/06\/zamek-w-ksiazu-7-1.jpg 850w, https:\/\/poborski.eu\/wp-content\/uploads\/2023\/06\/zamek-w-ksiazu-7-1-300x247.jpg 300w, https:\/\/poborski.eu\/wp-content\/uploads\/2023\/06\/zamek-w-ksiazu-7-1-768x633.jpg 768w\" sizes=\"(max-width: 850px) 100vw, 850px\" \/><\/a><\/figure>\n\n\n\n<p><strong>Zamek Ksi\u0105\u017c<\/strong><\/p>\n\n\n\n<figure class=\"wp-block-image\"><a href=\"https:\/\/youtu.be\/cY3QD0j0_3U\"><img loading=\"lazy\" decoding=\"async\" width=\"850\" height=\"643\" src=\"https:\/\/poborskid.wordpress.com\/wp-content\/uploads\/2023\/06\/zamek-swiny-3-1.jpg?w=850\" alt=\"\" class=\"wp-image-831\" srcset=\"https:\/\/poborski.eu\/wp-content\/uploads\/2023\/06\/zamek-swiny-3-1.jpg 850w, https:\/\/poborski.eu\/wp-content\/uploads\/2023\/06\/zamek-swiny-3-1-300x227.jpg 300w, https:\/\/poborski.eu\/wp-content\/uploads\/2023\/06\/zamek-swiny-3-1-768x581.jpg 768w\" sizes=\"(max-width: 850px) 100vw, 850px\" \/><\/a><\/figure>\n\n\n\n<p><strong>Zamek \u015awiny<\/strong><\/p>\n\n\n\n<figure class=\"wp-block-embed is-type-video is-provider-youtube wp-block-embed-youtube wp-embed-aspect-16-9 wp-has-aspect-ratio\"><div class=\"wp-block-embed__wrapper\">\n<iframe title=\"zamki i pa\u0142ace - S\u0142awik\u00f3w - stycze\u0144 2025\" width=\"500\" height=\"281\" src=\"https:\/\/www.youtube.com\/embed\/f3W4TAEtg1I?feature=oembed\" frameborder=\"0\" allow=\"accelerometer; autoplay; clipboard-write; encrypted-media; gyroscope; picture-in-picture; web-share\" referrerpolicy=\"strict-origin-when-cross-origin\" allowfullscreen><\/iframe>\n<\/div><figcaption class=\"wp-element-caption\"><a href=\"https:\/\/poborski.eu\/?p=1240\"><strong>pa\u0142ac w S\u0142awikowie<\/strong><\/a><\/figcaption><\/figure>\n\n\n\n<hr class=\"wp-block-separator has-alpha-channel-opacity\"\/>\n\n\n\n<p class=\"has-large-font-size\"><strong>WIZUALIZACJE 3D OBIEKT\u00d3W<\/strong>&nbsp;[3D GS]<\/p>\n\n\n\n<figure class=\"wp-block-image\"><a href=\"https:\/\/youtu.be\/GsHfOb8esAI?si=rz6PQYOpq2hAqfPg\"><img decoding=\"async\" src=\"https:\/\/poborskid.wordpress.com\/wp-content\/uploads\/2024\/09\/zajawka-baranowo3d.jpg?w=1000\" alt=\"\" class=\"wp-image-4789\"\/><\/a><\/figure>\n\n\n\n<p><strong>Dw\u00f3r w Baranowie<\/strong><\/p>\n\n\n\n<figure class=\"wp-block-image\"><a href=\"https:\/\/youtu.be\/D3wNCR0-OUQ?si=tJXltWD3Je2e_hSt\"><img decoding=\"async\" src=\"https:\/\/poborskid.wordpress.com\/wp-content\/uploads\/2023\/07\/img_20230511_121214.jpg?w=1000\" alt=\"\" class=\"wp-image-1982\"\/><\/a><\/figure>\n\n\n\n<p><strong>Pa\u0142ac Tarce<\/strong><\/p>\n\n\n\n<figure class=\"wp-block-image\"><a href=\"https:\/\/www.youtube.com\/watch?v=BGUiJ_Oappo\"><img decoding=\"async\" src=\"https:\/\/poborskid.wordpress.com\/wp-content\/uploads\/2024\/09\/3da1.jpg?w=1024\" alt=\"\" class=\"wp-image-4777\"\/><\/a><\/figure>\n\n\n\n<p><strong>Pa\u0142ac w Kazimierzu<\/strong><\/p>\n\n\n\n<figure class=\"wp-block-embed is-type-video is-provider-youtube wp-block-embed-youtube wp-embed-aspect-16-9 wp-has-aspect-ratio\"><div class=\"wp-block-embed__wrapper\">\n<iframe title=\"zamki i pa\u0142ace - 3D - [pa\u0142ac w \u0141anach]\" width=\"500\" height=\"281\" src=\"https:\/\/www.youtube.com\/embed\/6wjNXWTcrig?feature=oembed\" frameborder=\"0\" allow=\"accelerometer; autoplay; clipboard-write; encrypted-media; gyroscope; picture-in-picture; web-share\" referrerpolicy=\"strict-origin-when-cross-origin\" allowfullscreen><\/iframe>\n<\/div><figcaption class=\"wp-element-caption\"><a href=\"https:\/\/poborski.eu\/?p=1645\"><strong>pa\u0142ac w \u0141anach <\/strong><\/a><\/figcaption><\/figure>\n\n\n\n<p><\/p>\n\n\n\n<hr class=\"wp-block-separator has-alpha-channel-opacity\"\/>\n\n\n\n<p class=\"has-large-font-size\"><strong>obr\u00f3bka AI<\/strong><\/p>\n\n\n\n<figure class=\"wp-block-embed is-type-video is-provider-youtube wp-block-embed-youtube wp-embed-aspect-16-9 wp-has-aspect-ratio\"><div class=\"wp-block-embed__wrapper\">\n<iframe title=\"pa\u0142ac w S\u0142awikowie [OKRUCHY PRZESZ\u0141O\u015aCI]\" width=\"500\" height=\"281\" src=\"https:\/\/www.youtube.com\/embed\/cWXRCaSp4EU?feature=oembed\" frameborder=\"0\" allow=\"accelerometer; autoplay; clipboard-write; encrypted-media; gyroscope; picture-in-picture; web-share\" referrerpolicy=\"strict-origin-when-cross-origin\" allowfullscreen><\/iframe>\n<\/div><\/figure>\n\n\n\n<figure class=\"wp-block-embed is-type-video is-provider-youtube wp-block-embed-youtube wp-embed-aspect-16-9 wp-has-aspect-ratio\"><div class=\"wp-block-embed__wrapper\">\n<iframe title=\"projekt ZAPOMNIANE - zapraszam\" width=\"500\" height=\"281\" src=\"https:\/\/www.youtube.com\/embed\/CFxNwq3KU_8?feature=oembed\" frameborder=\"0\" allow=\"accelerometer; autoplay; clipboard-write; encrypted-media; gyroscope; picture-in-picture; web-share\" referrerpolicy=\"strict-origin-when-cross-origin\" allowfullscreen><\/iframe>\n<\/div><\/figure>\n\n\n\n<hr class=\"wp-block-separator has-alpha-channel-opacity\"\/>\n\n\n\n<figure class=\"wp-block-image aligncenter is-resized\"><img decoding=\"async\" src=\"https:\/\/poborskid.wordpress.com\/wp-content\/uploads\/2024\/01\/logodp.jpg?w=400\" alt=\"\" class=\"wp-image-3823\" style=\"width:108px;height:auto\"\/><\/figure>\n\n\n\n<hr class=\"wp-block-separator has-alpha-channel-opacity\"\/>\n\n\n\n<p>Je\u017celi zainteresowa\u0142a Ci\u0119 technologia&nbsp;<a href=\"https:\/\/poborskid.wordpress.com\/2024\/09\/09\/gaussian-splatting-nowy-wymiar-3d\/\">fotogrametrii, NERF czy gaussian splatting<\/a>&nbsp;\u2013 zapraszam do&nbsp;<a href=\"https:\/\/poborskid.wordpress.com\/kontakt\/\"><strong>kontaktu<\/strong>&nbsp;<\/a>\u2013 us\u0142ugi dronem [foto-wideo\/termo\/LIDAR], modelowanie 3D \u2013 GS, filmy reklamowe obiektu, materia\u0142y z prac budowlanych \/ remont\u00f3w i inne [wykonuj\u0119 obloty, dostarczam materia\u0142y wideo, montuj\u0119 filmy, generuj\u0119&nbsp;<strong>modele 3D,<\/strong>&nbsp;przygotowuj\u0119 materia\u0142y w technologii&nbsp;<strong>VR<\/strong>\/<strong>MR<\/strong>\/<strong>AR<\/strong>]<\/p>\n\n\n\n<hr class=\"wp-block-separator has-alpha-channel-opacity\"\/>\n\n\n\n<p>Zach\u0119cam do wspierania &#8211; z g\u00f3ry dzi\u0119kuj\u0119 za ka\u017cd\u0105 kaw\u0119, kt\u00f3ra stawia mnie na nogi i zach\u0119ca do dalszego dzia\u0142ania \ud83d\ude42<\/p>\n\n\n\n<figure class=\"wp-block-image aligncenter is-resized\"><a href=\"https:\/\/buycoffee.to\/poborskid\" target=\"_blank\" rel=\"noreferrer noopener\"><img decoding=\"async\" src=\"https:\/\/buycoffee.to\/btn\/buycoffeeto-btn-primary.svg\" alt=\"Postaw mi kaw\u0119 na buycoffee.to\" style=\"width:258px;height:auto\"\/><\/a><\/figure>\n\n\n\n<p><\/p>\n","protected":false},"excerpt":{"rendered":"<p>Kolejne filmy b\u0119d\u0105 dodawane sukcesy.&nbsp;Zach\u0119cam do lajkowania, komentowania i postawienia kawy je\u017celi moje materia\u0142y przypad\u0142y Ci do gustu. Zach\u0119cam zainteresowanych do skorzystania z moich us\u0142ug oblot\u00f3w dronem (filmy, zdj\u0119cia, zdj\u0119cia termowizyjne, fotogrametria, 3D, monta\u017c) z serii [OKRUCHY PRZESZ\u0141O\u015aCI] kliknij na zdj\u0119cie&nbsp;by odtworzy\u0107 film [zdj\u0119cia i monta\u017c \u2013 Dariusz Poborski]: Pa\u0142ac w Gorzanowie Zamek [pa\u0142ac] w [&hellip;]<\/p>\n","protected":false},"author":1,"featured_media":0,"parent":0,"menu_order":0,"comment_status":"closed","ping_status":"closed","template":"","meta":{"footnotes":""},"class_list":["post-980","page","type-page","status-publish","hentry"],"_links":{"self":[{"href":"https:\/\/poborski.eu\/index.php?rest_route=\/wp\/v2\/pages\/980","targetHints":{"allow":["GET"]}}],"collection":[{"href":"https:\/\/poborski.eu\/index.php?rest_route=\/wp\/v2\/pages"}],"about":[{"href":"https:\/\/poborski.eu\/index.php?rest_route=\/wp\/v2\/types\/page"}],"author":[{"embeddable":true,"href":"https:\/\/poborski.eu\/index.php?rest_route=\/wp\/v2\/users\/1"}],"replies":[{"embeddable":true,"href":"https:\/\/poborski.eu\/index.php?rest_route=%2Fwp%2Fv2%2Fcomments&post=980"}],"version-history":[{"count":6,"href":"https:\/\/poborski.eu\/index.php?rest_route=\/wp\/v2\/pages\/980\/revisions"}],"predecessor-version":[{"id":1845,"href":"https:\/\/poborski.eu\/index.php?rest_route=\/wp\/v2\/pages\/980\/revisions\/1845"}],"wp:attachment":[{"href":"https:\/\/poborski.eu\/index.php?rest_route=%2Fwp%2Fv2%2Fmedia&parent=980"}],"curies":[{"name":"wp","href":"https:\/\/api.w.org\/{rel}","templated":true}]}}